{"id":853,"date":"2026-04-05T19:10:31","date_gmt":"2026-04-05T17:10:31","guid":{"rendered":"https:\/\/rapidgumi.hu\/?page_id=853"},"modified":"2026-04-05T19:15:23","modified_gmt":"2026-04-05T17:15:23","slug":"elementor-853","status":"publish","type":"page","link":"https:\/\/rapidgumi.hu\/index.php\/ro\/elementor-853\/","title":{"rendered":"Elementor #853"},"content":{"rendered":"\t\t<div data-elementor-type=\"wp-page\" data-elementor-id=\"853\" class=\"elementor elementor-853\" data-elementor-post-type=\"page\">\n\t\t\t\t<div class=\"elementor-element elementor-element-f3ab86d e-flex e-con-boxed e-con e-parent\" data-id=\"f3ab86d\" data-element_type=\"container\" data-settings=\"{&quot;background_background&quot;:&quot;classic&quot;}\">\n\t\t\t\t\t<div class=\"e-con-inner\">\n\t\t\t\t<div class=\"elementor-element elementor-element-beeaacf elementor-widget elementor-widget-heading\" data-id=\"beeaacf\" data-element_type=\"widget\" data-widget_type=\"heading.default\">\n\t\t\t\t\t<h1 class=\"elementor-heading-title elementor-size-default\">Datele noastre de contact \u0219i Service Mobil de Anvelope pe malul sudic al lacului Balaton<\/h1>\t\t\t\t<\/div>\n\t\t\t\t\t<\/div>\n\t\t\t\t<\/div>\n\t\t<div class=\"elementor-element elementor-element-3c67292 e-flex e-con-boxed e-con e-parent\" data-id=\"3c67292\" data-element_type=\"container\" data-settings=\"{&quot;background_background&quot;:&quot;classic&quot;}\">\n\t\t\t\t\t<div class=\"e-con-inner\">\n\t\t<div class=\"elementor-element elementor-element-5e748a0 e-con-full e-flex e-con e-child\" data-id=\"5e748a0\" data-element_type=\"container\">\n\t\t\t\t<div class=\"elementor-element elementor-element-fe28920 elementor-widget__width-initial elementor-icon-list--layout-traditional elementor-list-item-link-full_width elementor-widget elementor-widget-icon-list\" data-id=\"fe28920\" data-element_type=\"widget\" data-widget_type=\"icon-list.default\">\n\t\t\t\t\t\t\t<ul class=\"elementor-icon-list-items\">\n\t\t\t\t\t\t\t<li class=\"elementor-icon-list-item\">\n\t\t\t\t\t\t\t\t\t\t\t<a href=\"tel:+36301234567\">\n\n\t\t\t\t\t\t\t\t\t\t\t\t<span class=\"elementor-icon-list-icon\">\n\t\t\t\t\t\t\t<svg aria-hidden=\"true\" class=\"e-font-icon-svg e-fas-phone-volume\" viewBox=\"0 0 384 512\" xmlns=\"http:\/\/www.w3.org\/2000\/svg\"><path d=\"M97.333 506.966c-129.874-129.874-129.681-340.252 0-469.933 5.698-5.698 14.527-6.632 21.263-2.422l64.817 40.513a17.187 17.187 0 0 1 6.849 20.958l-32.408 81.021a17.188 17.188 0 0 1-17.669 10.719l-55.81-5.58c-21.051 58.261-20.612 122.471 0 179.515l55.811-5.581a17.188 17.188 0 0 1 17.669 10.719l32.408 81.022a17.188 17.188 0 0 1-6.849 20.958l-64.817 40.513a17.19 17.19 0 0 1-21.264-2.422zM247.126 95.473c11.832 20.047 11.832 45.008 0 65.055-3.95 6.693-13.108 7.959-18.718 2.581l-5.975-5.726c-3.911-3.748-4.793-9.622-2.261-14.41a32.063 32.063 0 0 0 0-29.945c-2.533-4.788-1.65-10.662 2.261-14.41l5.975-5.726c5.61-5.378 14.768-4.112 18.718 2.581zm91.787-91.187c60.14 71.604 60.092 175.882 0 247.428-4.474 5.327-12.53 5.746-17.552.933l-5.798-5.557c-4.56-4.371-4.977-11.529-.93-16.379 49.687-59.538 49.646-145.933 0-205.422-4.047-4.85-3.631-12.008.93-16.379l5.798-5.557c5.022-4.813 13.078-4.394 17.552.933zm-45.972 44.941c36.05 46.322 36.108 111.149 0 157.546-4.39 5.641-12.697 6.251-17.856 1.304l-5.818-5.579c-4.4-4.219-4.998-11.095-1.285-15.931 26.536-34.564 26.534-82.572 0-117.134-3.713-4.836-3.115-11.711 1.285-15.931l5.818-5.579c5.159-4.947 13.466-4.337 17.856 1.304z\"><\/path><\/svg>\t\t\t\t\t\t<\/span>\n\t\t\t\t\t\t\t\t\t\t<span class=\"elementor-icon-list-text\">Tel: +36301234567<\/span>\n\t\t\t\t\t\t\t\t\t\t\t<\/a>\n\t\t\t\t\t\t\t\t\t<\/li>\n\t\t\t\t\t\t<\/ul>\n\t\t\t\t\t\t<\/div>\n\t\t\t\t<div class=\"elementor-element elementor-element-6a882b4 elementor-widget__width-initial elementor-icon-list--layout-traditional elementor-list-item-link-full_width elementor-widget elementor-widget-icon-list\" data-id=\"6a882b4\" data-element_type=\"widget\" data-widget_type=\"icon-list.default\">\n\t\t\t\t\t\t\t<ul class=\"elementor-icon-list-items\">\n\t\t\t\t\t\t\t<li class=\"elementor-icon-list-item\">\n\t\t\t\t\t\t\t\t\t\t\t<a href=\"tel:+36301234567\">\n\n\t\t\t\t\t\t\t\t\t\t\t\t<span class=\"elementor-icon-list-icon\">\n\t\t\t\t\t\t\t<svg aria-hidden=\"true\" class=\"e-font-icon-svg e-fas-mail-bulk\" viewBox=\"0 0 576 512\" xmlns=\"http:\/\/www.w3.org\/2000\/svg\"><path d=\"M160 448c-25.6 0-51.2-22.4-64-32-64-44.8-83.2-60.8-96-70.4V480c0 17.67 14.33 32 32 32h256c17.67 0 32-14.33 32-32V345.6c-12.8 9.6-32 25.6-96 70.4-12.8 9.6-38.4 32-64 32zm128-192H32c-17.67 0-32 14.33-32 32v16c25.6 19.2 22.4 19.2 115.2 86.4 9.6 6.4 28.8 25.6 44.8 25.6s35.2-19.2 44.8-22.4c92.8-67.2 89.6-67.2 115.2-86.4V288c0-17.67-14.33-32-32-32zm256-96H224c-17.67 0-32 14.33-32 32v32h96c33.21 0 60.59 25.42 63.71 57.82l.29-.22V416h192c17.67 0 32-14.33 32-32V192c0-17.67-14.33-32-32-32zm-32 128h-64v-64h64v64zm-352-96c0-35.29 28.71-64 64-64h224V32c0-17.67-14.33-32-32-32H96C78.33 0 64 14.33 64 32v192h96v-32z\"><\/path><\/svg>\t\t\t\t\t\t<\/span>\n\t\t\t\t\t\t\t\t\t\t<span class=\"elementor-icon-list-text\">Mail: Rapidgumi18@gmail.com<\/span>\n\t\t\t\t\t\t\t\t\t\t\t<\/a>\n\t\t\t\t\t\t\t\t\t<\/li>\n\t\t\t\t\t\t<\/ul>\n\t\t\t\t\t\t<\/div>\n\t\t\t\t<div class=\"elementor-element elementor-element-56ee242 elementor-widget__width-initial elementor-icon-list--layout-traditional elementor-list-item-link-full_width elementor-widget elementor-widget-icon-list\" data-id=\"56ee242\" data-element_type=\"widget\" data-widget_type=\"icon-list.default\">\n\t\t\t\t\t\t\t<ul class=\"elementor-icon-list-items\">\n\t\t\t\t\t\t\t<li class=\"elementor-icon-list-item\">\n\t\t\t\t\t\t\t\t\t\t\t<a href=\"https:\/\/m.me\/100094077123367\">\n\n\t\t\t\t\t\t\t\t\t\t\t\t<span class=\"elementor-icon-list-icon\">\n\t\t\t\t\t\t\t<svg aria-hidden=\"true\" class=\"e-font-icon-svg e-fab-facebook-messenger\" viewBox=\"0 0 512 512\" xmlns=\"http:\/\/www.w3.org\/2000\/svg\"><path d=\"M256.55 8C116.52 8 8 110.34 8 248.57c0 72.3 29.71 134.78 78.07 177.94 8.35 7.51 6.63 11.86 8.05 58.23A19.92 19.92 0 0 0 122 502.31c52.91-23.3 53.59-25.14 62.56-22.7C337.85 521.8 504 423.7 504 248.57 504 110.34 396.59 8 256.55 8zm149.24 185.13l-73 115.57a37.37 37.37 0 0 1-53.91 9.93l-58.08-43.47a15 15 0 0 0-18 0l-78.37 59.44c-10.46 7.93-24.16-4.6-17.11-15.67l73-115.57a37.36 37.36 0 0 1 53.91-9.93l58.06 43.46a15 15 0 0 0 18 0l78.41-59.38c10.44-7.98 24.14 4.54 17.09 15.62z\"><\/path><\/svg>\t\t\t\t\t\t<\/span>\n\t\t\t\t\t\t\t\t\t\t<span class=\"elementor-icon-list-text\">Messenger: Rapid Mobil Gumiszerviz<\/span>\n\t\t\t\t\t\t\t\t\t\t\t<\/a>\n\t\t\t\t\t\t\t\t\t<\/li>\n\t\t\t\t\t\t<\/ul>\n\t\t\t\t\t\t<\/div>\n\t\t\t\t<div class=\"elementor-element elementor-element-acb6b0c elementor-widget__width-initial elementor-icon-list--layout-traditional elementor-list-item-link-full_width elementor-widget elementor-widget-icon-list\" data-id=\"acb6b0c\" data-element_type=\"widget\" data-widget_type=\"icon-list.default\">\n\t\t\t\t\t\t\t<ul class=\"elementor-icon-list-items\">\n\t\t\t\t\t\t\t<li class=\"elementor-icon-list-item\">\n\t\t\t\t\t\t\t\t\t\t\t<a href=\"tel:+36301234567\">\n\n\t\t\t\t\t\t\t\t\t\t\t\t<span class=\"elementor-icon-list-icon\">\n\t\t\t\t\t\t\t<svg aria-hidden=\"true\" class=\"e-font-icon-svg e-fab-whatsapp\" viewBox=\"0 0 448 512\" xmlns=\"http:\/\/www.w3.org\/2000\/svg\"><path d=\"M380.9 97.1C339 55.1 283.2 32 223.9 32c-122.4 0-222 99.6-222 222 0 39.1 10.2 77.3 29.6 111L0 480l117.7-30.9c32.4 17.7 68.9 27 106.1 27h.1c122.3 0 224.1-99.6 224.1-222 0-59.3-25.2-115-67.1-157zm-157 341.6c-33.2 0-65.7-8.9-94-25.7l-6.7-4-69.8 18.3L72 359.2l-4.4-7c-18.5-29.4-28.2-63.3-28.2-98.2 0-101.7 82.8-184.5 184.6-184.5 49.3 0 95.6 19.2 130.4 54.1 34.8 34.9 56.2 81.2 56.1 130.5 0 101.8-84.9 184.6-186.6 184.6zm101.2-138.2c-5.5-2.8-32.8-16.2-37.9-18-5.1-1.9-8.8-2.8-12.5 2.8-3.7 5.6-14.3 18-17.6 21.8-3.2 3.7-6.5 4.2-12 1.4-32.6-16.3-54-29.1-75.5-66-5.7-9.8 5.7-9.1 16.3-30.3 1.8-3.7.9-6.9-.5-9.7-1.4-2.8-12.5-30.1-17.1-41.2-4.5-10.8-9.1-9.3-12.5-9.5-3.2-.2-6.9-.2-10.6-.2-3.7 0-9.7 1.4-14.8 6.9-5.1 5.6-19.4 19-19.4 46.3 0 27.3 19.9 53.7 22.6 57.4 2.8 3.7 39.1 59.7 94.8 83.8 35.2 15.2 49 16.5 66.6 13.9 10.7-1.6 32.8-13.4 37.4-26.4 4.6-13 4.6-24.1 3.2-26.4-1.3-2.5-5-3.9-10.5-6.6z\"><\/path><\/svg>\t\t\t\t\t\t<\/span>\n\t\t\t\t\t\t\t\t\t\t<span class=\"elementor-icon-list-text\">What's up: +36301234567<\/span>\n\t\t\t\t\t\t\t\t\t\t\t<\/a>\n\t\t\t\t\t\t\t\t\t<\/li>\n\t\t\t\t\t\t<\/ul>\n\t\t\t\t\t\t<\/div>\n\t\t\t\t<div class=\"elementor-element elementor-element-0e8fae4 elementor-widget elementor-widget-heading\" data-id=\"0e8fae4\" data-element_type=\"widget\" data-widget_type=\"heading.default\">\n\t\t\t\t\t<h2 class=\"elementor-heading-title elementor-size-default\">Service mobil de anvelope \u0219i reparare rapid\u0103 a penelor pe malul sudic al lacului Balaton<\/h2>\t\t\t\t<\/div>\n\t\t\t\t<div class=\"elementor-element elementor-element-0ed6420 elementor-widget elementor-widget-text-editor\" data-id=\"0ed6420\" data-element_type=\"widget\" data-widget_type=\"text-editor.default\">\n\t\t\t\t\t\t\t\t\t<p data-path-to-node=\"5\">Centrul \u0219i baza Rapidgumi se afl\u0103 \u00een Balatonf\u00f6ldv\u00e1r, dar \u0219tim exact c\u0103 problemele cu anvelopele nu apar niciodat\u0103 la momentul potrivit \u0219i \u00een cele mai rare cazuri se \u00eent\u00e2mpl\u0103 \u00een fa\u021ba u\u0219ii unui service. Tocmai de aceea, oferim ajutor imediat, la fa\u021ba locului, nu doar pe plan local, ci \u00een numeroase puncte de pe malul sudic al lacului Balaton.<\/p><p data-path-to-node=\"5\">Fie c\u0103 este vorba despre o pan\u0103 pe autostrada M7, o deteriorare a anvelopei \u00een timpul vacan\u021bei pe drumul principal 7, sau un schimb sezonier convenabil de anvelope la domiciliul dumneavoastr\u0103, vehiculul nostru de service mobil bine echipat ajunge rapid la fa\u021ba locului.<\/p>\t\t\t\t\t\t\t\t<\/div>\n\t\t\t\t<div class=\"elementor-element elementor-element-a60e37a elementor-widget elementor-widget-heading\" data-id=\"a60e37a\" data-element_type=\"widget\" data-widget_type=\"heading.default\">\n\t\t\t\t\t<h2 class=\"elementor-heading-title elementor-size-default\">Zonele noastre prioritare de servicii \u00een regiunea Balaton:<\/h2>\t\t\t\t<\/div>\n\t\t\t\t<div class=\"elementor-element elementor-element-4936a0b elementor-widget elementor-widget-text-editor\" data-id=\"4936a0b\" data-element_type=\"widget\" data-widget_type=\"text-editor.default\">\n\t\t\t\t\t\t\t\t\t<p data-path-to-node=\"30\">Deoarece baza noastr\u0103 este Balatonf\u00f6ldv\u00e1r, putem garanta cel mai rapid timp de sosire \u00een urm\u0103toarele localit\u0103\u021bi \u00eenvecinate \u0219i zonele lor de atrac\u021bie:<\/p><ul data-path-to-node=\"31\"><li><p data-path-to-node=\"31,0,0\">Vecin\u0103tate imediat\u0103 (sosire chiar \u0219i \u00een c\u00e2teva minute): Sz\u00e1nt\u00f3d, K\u0151r\u00f6shegy, Balatonsz\u00e1rsz\u00f3 \u0219i Zam\u00e1rdi.<\/p><\/li><li><p data-path-to-node=\"31,1,0\">Si\u00f3fok \u0219i regiunea sa: Si\u00f3fok, Balatonsz\u00e9plak, T\u00f6reki \u0219i a\u0219ez\u0103rile apropiate din interior (de ex. S\u00e1gv\u00e1r, Nyim).<\/p><\/li><li><p data-path-to-node=\"31,2,0\">Sec\u021biunea vestic\u0103 a malului sudic: Balaton\u0151sz\u00f6d, Balatonszemes, Balatonlelle, Balatonbogl\u00e1r, \u0219i \u00een caz de necaz, putem ajunge rapid chiar \u0219i \u00een zona Fony\u00f3d.<\/p><\/li><li><p data-path-to-node=\"31,3,0\">A\u0219ez\u0103ri apropiate din dealurile Somogy: B\u00e1lv\u00e1nyos, Kereki, Pusztaszemes, K\u00f6tcse \u0219i Teleki.<\/p><\/li><\/ul><p data-path-to-node=\"32\">De ce s\u0103 alege\u021bi serviciul la fa\u021ba locului Rapidgumi? Nu este nevoie de o platform\u0103 de tractare sau de a\u0219tept\u0103ri lungi. Plec\u0103m imediat dup\u0103 apelul dumneavoastr\u0103 telefonic pentru a efectua profesional \u0219i rapid repararea penelor, schimbul de ro\u021bi sau echilibrarea oriunde pe malul sudic al lacului Balaton. Trebuie doar s\u0103 furniza\u021bi loca\u021bia exact\u0103, de restul ne ocup\u0103m noi!<\/p>\t\t\t\t\t\t\t\t<\/div>\n\t\t\t\t<\/div>\n\t\t<div class=\"elementor-element elementor-element-f339107 e-con-full e-flex e-con e-child\" data-id=\"f339107\" data-element_type=\"container\">\n\t\t<div class=\"elementor-element elementor-element-67a3698 e-con-full e-flex e-con e-child\" data-id=\"67a3698\" data-element_type=\"container\" data-settings=\"{&quot;background_background&quot;:&quot;classic&quot;}\">\n\t\t\t\t<\/div>\n\t\t\t\t<div class=\"elementor-element elementor-element-bc492b8 elementor-widget elementor-widget-image\" data-id=\"bc492b8\" data-element_type=\"widget\" data-widget_type=\"image.default\">\n\t\t\t\t\t\t\t\t\t\t\t\t\t\t\t<img alt=\"\" decoding=\"async\" width=\"300\" height=\"130\" src=\"https:\/\/rapidgumi.hu\/wp-content\/uploads\/2026\/03\/kep_2026-03-21_101105266-300x130.png\" class=\"attachment-medium size-medium wp-image-514\" alt=\"\" srcset=\"https:\/\/rapidgumi.hu\/wp-content\/uploads\/2026\/03\/kep_2026-03-21_101105266-300x130.png 300w, https:\/\/rapidgumi.hu\/wp-content\/uploads\/2026\/03\/kep_2026-03-21_101105266.png 626w\" sizes=\"(max-width: 300px) 100vw, 300px\" \/>\t\t\t\t\t\t\t\t\t\t\t\t\t\t\t<\/div>\n\t\t\t\t<\/div>\n\t\t\t\t\t<\/div>\n\t\t\t\t<\/div>\n\t\t\t\t<\/div>\n\t\t","protected":false},"excerpt":{"rendered":"<p>Datele noastre de contact \u0219i Service Mobil de Anvelope pe malul sudic al lacului Balaton Tel: +36301234567 Mail: Rapidgumi18@gmail.com Messenger: Rapid Mobil Gumiszerviz What&#8217;s up: +36301234567 Service mobil de anvelope \u0219i reparare rapid\u0103 a penelor pe malul sudic al lacului Balaton Centrul \u0219i baza Rapidgumi se afl\u0103 \u00een Balatonf\u00f6ldv\u00e1r, dar \u0219tim exact c\u0103 problemele cu &#8230; <a title=\"Elementor #853\" class=\"read-more\" href=\"https:\/\/rapidgumi.hu\/index.php\/ro\/elementor-853\/\" aria-label=\"Read more about Elementor #853\">Olvass tov\u00e1bb<\/a><\/p>\n","protected":false},"author":1,"featured_media":0,"parent":0,"menu_order":0,"comment_status":"closed","ping_status":"closed","template":"elementor_header_footer","meta":{"_seopress_robots_primary_cat":"","_seopress_titles_title":"","_seopress_titles_desc":"","_seopress_robots_index":"","footnotes":""},"class_list":["post-853","page","type-page","status-publish"],"lang":"ro","translations":{"ro":853,"hsb":872,"hu":61,"en":851},"pll_sync_post":[],"_links":{"self":[{"href":"https:\/\/rapidgumi.hu\/index.php\/wp-json\/wp\/v2\/pages\/853","targetHints":{"allow":["GET"]}}],"collection":[{"href":"https:\/\/rapidgumi.hu\/index.php\/wp-json\/wp\/v2\/pages"}],"about":[{"href":"https:\/\/rapidgumi.hu\/index.php\/wp-json\/wp\/v2\/types\/page"}],"author":[{"embeddable":true,"href":"https:\/\/rapidgumi.hu\/index.php\/wp-json\/wp\/v2\/users\/1"}],"replies":[{"embeddable":true,"href":"https:\/\/rapidgumi.hu\/index.php\/wp-json\/wp\/v2\/comments?post=853"}],"version-history":[{"count":4,"href":"https:\/\/rapidgumi.hu\/index.php\/wp-json\/wp\/v2\/pages\/853\/revisions"}],"predecessor-version":[{"id":871,"href":"https:\/\/rapidgumi.hu\/index.php\/wp-json\/wp\/v2\/pages\/853\/revisions\/871"}],"wp:attachment":[{"href":"https:\/\/rapidgumi.hu\/index.php\/wp-json\/wp\/v2\/media?parent=853"}],"curies":[{"name":"wp","href":"https:\/\/api.w.org\/{rel}","templated":true}]}}