{"id":52,"date":"2026-01-11T18:19:48","date_gmt":"2026-01-11T17:19:48","guid":{"rendered":"https:\/\/rapidgumi.hu\/?page_id=52"},"modified":"2026-04-05T10:17:29","modified_gmt":"2026-04-05T08:17:29","slug":"elementor-oldal-52","status":"publish","type":"page","link":"https:\/\/rapidgumi.hu\/index.php\/elementor-oldal-52\/","title":{"rendered":"Szolg\u00e1ltat\u00e1sok"},"content":{"rendered":"\t\t<div data-elementor-type=\"wp-page\" data-elementor-id=\"52\" class=\"elementor elementor-52\" data-elementor-post-type=\"page\">\n\t\t\t\t<div class=\"elementor-element elementor-element-6b6f235 e-flex e-con-boxed e-con e-parent\" data-id=\"6b6f235\" data-element_type=\"container\" data-settings=\"{&quot;background_background&quot;:&quot;classic&quot;}\">\n\t\t\t\t\t<div class=\"e-con-inner\">\n\t\t<div class=\"elementor-element elementor-element-88f6db4 e-con-full e-flex e-con e-child\" data-id=\"88f6db4\" data-element_type=\"container\" data-settings=\"{&quot;background_background&quot;:&quot;classic&quot;}\">\n\t\t<div class=\"elementor-element elementor-element-e2033ea e-con-full e-flex e-con e-child\" data-id=\"e2033ea\" data-element_type=\"container\">\n\t\t\t\t<div class=\"elementor-element elementor-element-c1acaff elementor-widget elementor-widget-image\" data-id=\"c1acaff\" data-element_type=\"widget\" data-widget_type=\"image.default\">\n\t\t\t\t\t\t\t\t\t\t\t\t\t\t\t<img alt=\"\" fetchpriority=\"high\" decoding=\"async\" width=\"768\" height=\"1024\" src=\"https:\/\/rapidgumi.hu\/wp-content\/uploads\/2026\/02\/1000003724-768x1024.jpg\" class=\"attachment-large size-large wp-image-288\" alt=\"\" srcset=\"https:\/\/rapidgumi.hu\/wp-content\/uploads\/2026\/02\/1000003724-768x1024.jpg 768w, https:\/\/rapidgumi.hu\/wp-content\/uploads\/2026\/02\/1000003724-225x300.jpg 225w, https:\/\/rapidgumi.hu\/wp-content\/uploads\/2026\/02\/1000003724-1152x1536.jpg 1152w, https:\/\/rapidgumi.hu\/wp-content\/uploads\/2026\/02\/1000003724-1536x2048.jpg 1536w, https:\/\/rapidgumi.hu\/wp-content\/uploads\/2026\/02\/1000003724-scaled.jpg 1920w\" sizes=\"(max-width: 768px) 100vw, 768px\" \/>\t\t\t\t\t\t\t\t\t\t\t\t\t\t\t<\/div>\n\t\t\t\t<\/div>\n\t\t<div class=\"elementor-element elementor-element-60bc17d e-con-full e-flex e-con e-child\" data-id=\"60bc17d\" data-element_type=\"container\">\n\t\t\t\t<div class=\"elementor-element elementor-element-dfc70b9 elementor-widget elementor-widget-heading\" data-id=\"dfc70b9\" data-element_type=\"widget\" data-widget_type=\"heading.default\">\n\t\t\t\t\t<h1 class=\"elementor-heading-title elementor-size-default\"><a href=\"#\">Defektjav\u00edt\u00e1s<\/a><\/h1>\t\t\t\t<\/div>\n\t\t\t\t<div class=\"elementor-element elementor-element-2bf2a85 elementor-widget elementor-widget-text-editor\" data-id=\"2bf2a85\" data-element_type=\"widget\" data-widget_type=\"text-editor.default\">\n\t\t\t\t\t\t\t\t\t<p>Defektet kapott? Ne agg\u00f3djon, nem biztos, hogy \u00faj gumira van sz\u00fcks\u00e9ge! Szakembereink megvizsg\u00e1lj\u00e1k a s\u00e9r\u00fcl\u00e9st, \u00e9s ha lehets\u00e9ges, megmentik az abroncsot. Mobil gumiszerviz\u00fcnkkel b\u00e1rhol seg\u00edts\u00e9g\u00e9re siet\u00fcnk \u2013 legyen sz\u00f3 az aut\u00f3p\u00e1lya sz\u00e9l\u00e9r\u0151l vagy saj\u00e1t otthon\u00e1r\u00f3l. Ha a gumi m\u00e9gsem jav\u00edthat\u00f3, a helysz\u00ednen azonnal elv\u00e9gezz\u00fck a cser\u00e9t is.<\/p>\t\t\t\t\t\t\t\t<\/div>\n\t\t\t\t<\/div>\n\t\t\t\t<\/div>\n\t\t<div class=\"elementor-element elementor-element-5fbca32 e-con-full e-flex e-con e-child\" data-id=\"5fbca32\" data-element_type=\"container\" data-settings=\"{&quot;background_background&quot;:&quot;classic&quot;}\">\n\t\t<div class=\"elementor-element elementor-element-42db5ea e-con-full e-flex e-con e-child\" data-id=\"42db5ea\" data-element_type=\"container\">\n\t\t\t\t<div class=\"elementor-element elementor-element-e69f42e elementor-widget elementor-widget-heading\" data-id=\"e69f42e\" data-element_type=\"widget\" data-widget_type=\"heading.default\">\n\t\t\t\t\t<h1 class=\"elementor-heading-title elementor-size-default\"><a href=\"#\">Gumiabroncs t\u00e1rol\u00e1s<\/a><\/h1>\t\t\t\t<\/div>\n\t\t\t\t<div class=\"elementor-element elementor-element-6645571 elementor-widget elementor-widget-text-editor\" data-id=\"6645571\" data-element_type=\"widget\" data-widget_type=\"text-editor.default\">\n\t\t\t\t\t\t\t\t\t<p data-path-to-node=\"2\">A szezon\u00e1lis ker\u00e9kcsere idej\u00e9n sok aut\u00f3tulajdonos sz\u00e1m\u00e1ra okoz fejt\u00f6r\u00e9st, hogy hol \u00e9s hogyan t\u00e1rolja az \u00e9ppen haszn\u00e1laton k\u00edv\u00fcli abroncsokat. <b data-path-to-node=\"2\" data-index-in-node=\"142\">Gumi hotel<\/b> szolg\u00e1ltat\u00e1sunk pontosan erre k\u00edn\u00e1l k\u00e9nyelmes \u00e9s szakszer\u0171 megold\u00e1st.<\/p><p data-path-to-node=\"3\">C\u00e9lunk, hogy levegy\u00fck a v\u00e1ll\u00e1r\u00f3l a t\u00e1rol\u00e1s terh\u00e9t, mik\u00f6zben garant\u00e1ljuk abroncsai \u00e1llapot\u00e1nak meg\u0151rz\u00e9s\u00e9t. A helytelen t\u00e1rol\u00e1s ugyanis jelent\u0151sen cs\u00f6kkentheti a gumik \u00e9lettartam\u00e1t \u00e9s teljes\u00edtm\u00e9ny\u00e9t. A <b data-path-to-node=\"3\" data-index-in-node=\"200\">gumi hotel<\/b> ig\u00e9nybev\u00e9tel\u00e9vel \u00d6n egy egyszer\u0171 \u00e9s biztons\u00e1gos utat v\u00e1laszt, \u00edgy abroncsai mindig kifog\u00e1stalan \u00e1llapotban v\u00e1rj\u00e1k majd a k\u00f6vetkez\u0151 szezont.<\/p>\t\t\t\t\t\t\t\t<\/div>\n\t\t\t\t<\/div>\n\t\t<div class=\"elementor-element elementor-element-0c3ece8 e-con-full e-flex e-con e-child\" data-id=\"0c3ece8\" data-element_type=\"container\">\n\t\t\t\t<div class=\"elementor-element elementor-element-1e77129 elementor-widget elementor-widget-image\" data-id=\"1e77129\" data-element_type=\"widget\" data-widget_type=\"image.default\">\n\t\t\t\t\t\t\t\t\t\t\t\t\t\t\t<img alt=\"\" decoding=\"async\" width=\"768\" height=\"1024\" src=\"https:\/\/rapidgumi.hu\/wp-content\/uploads\/2026\/02\/1000003579-768x1024.jpg\" class=\"attachment-large size-large wp-image-301\" alt=\"\" srcset=\"https:\/\/rapidgumi.hu\/wp-content\/uploads\/2026\/02\/1000003579-768x1024.jpg 768w, https:\/\/rapidgumi.hu\/wp-content\/uploads\/2026\/02\/1000003579-225x300.jpg 225w, https:\/\/rapidgumi.hu\/wp-content\/uploads\/2026\/02\/1000003579-1152x1536.jpg 1152w, https:\/\/rapidgumi.hu\/wp-content\/uploads\/2026\/02\/1000003579-1536x2048.jpg 1536w, https:\/\/rapidgumi.hu\/wp-content\/uploads\/2026\/02\/1000003579-scaled.jpg 1920w\" sizes=\"(max-width: 768px) 100vw, 768px\" \/>\t\t\t\t\t\t\t\t\t\t\t\t\t\t\t<\/div>\n\t\t\t\t<\/div>\n\t\t\t\t<\/div>\n\t\t\t\t\t<\/div>\n\t\t\t\t<\/div>\n\t\t<div class=\"elementor-element elementor-element-af75708 e-flex e-con-boxed e-con e-parent\" data-id=\"af75708\" data-element_type=\"container\" data-settings=\"{&quot;background_background&quot;:&quot;classic&quot;}\">\n\t\t\t\t\t<div class=\"e-con-inner\">\n\t\t\t\t\t<\/div>\n\t\t\t\t<\/div>\n\t\t<div class=\"elementor-element elementor-element-2805421 e-flex e-con-boxed e-con e-parent\" data-id=\"2805421\" data-element_type=\"container\" data-settings=\"{&quot;background_background&quot;:&quot;classic&quot;}\">\n\t\t\t\t\t<div class=\"e-con-inner\">\n\t\t<div class=\"elementor-element elementor-element-7d1b654 e-con-full e-flex e-con e-child\" data-id=\"7d1b654\" data-element_type=\"container\" data-settings=\"{&quot;background_background&quot;:&quot;classic&quot;}\">\n\t\t<div class=\"elementor-element elementor-element-a967f9f e-con-full e-flex e-con e-child\" data-id=\"a967f9f\" data-element_type=\"container\">\n\t\t\t\t<div class=\"elementor-element elementor-element-97224c8 elementor-widget elementor-widget-image\" data-id=\"97224c8\" data-element_type=\"widget\" data-widget_type=\"image.default\">\n\t\t\t\t\t\t\t\t\t\t\t\t\t\t\t<img alt=\"\" decoding=\"async\" width=\"768\" height=\"1024\" src=\"https:\/\/rapidgumi.hu\/wp-content\/uploads\/2026\/02\/1000005308-768x1024.jpg\" class=\"attachment-large size-large wp-image-305\" alt=\"\" srcset=\"https:\/\/rapidgumi.hu\/wp-content\/uploads\/2026\/02\/1000005308-768x1024.jpg 768w, https:\/\/rapidgumi.hu\/wp-content\/uploads\/2026\/02\/1000005308-225x300.jpg 225w, https:\/\/rapidgumi.hu\/wp-content\/uploads\/2026\/02\/1000005308-1152x1536.jpg 1152w, https:\/\/rapidgumi.hu\/wp-content\/uploads\/2026\/02\/1000005308-1536x2048.jpg 1536w, https:\/\/rapidgumi.hu\/wp-content\/uploads\/2026\/02\/1000005308-scaled.jpg 1920w\" sizes=\"(max-width: 768px) 100vw, 768px\" \/>\t\t\t\t\t\t\t\t\t\t\t\t\t\t\t<\/div>\n\t\t\t\t<\/div>\n\t\t<div class=\"elementor-element elementor-element-ed0773a e-con-full e-flex e-con e-child\" data-id=\"ed0773a\" data-element_type=\"container\">\n\t\t\t\t<div class=\"elementor-element elementor-element-801c4df elementor-widget elementor-widget-heading\" data-id=\"801c4df\" data-element_type=\"widget\" data-widget_type=\"heading.default\">\n\t\t\t\t\t<h1 class=\"elementor-heading-title elementor-size-default\"><a href=\"#\">TPMS programoz\u00e1s \u00e9s szenzor tan\u00edt\u00e1s<\/a><\/h1>\t\t\t\t<\/div>\n\t\t\t\t<div class=\"elementor-element elementor-element-324028b elementor-widget elementor-widget-text-editor\" data-id=\"324028b\" data-element_type=\"widget\" data-widget_type=\"text-editor.default\">\n\t\t\t\t\t\t\t\t\t<p data-path-to-node=\"2\">A TPMS (guminyom\u00e1s-ellen\u0151rz\u0151 rendszer) feladata, hogy folyamatosan figyelje a j\u00e1rm\u0171 gumiabroncsainak nyom\u00e1s\u00e1t. Ha b\u00e1rmelyik ker\u00e9kben a nyom\u00e1s a megengedett \u00e9rt\u00e9k al\u00e1 cs\u00f6kken, a rendszer azonnal jelez. Ez k\u00fcl\u00f6n\u00f6sen fontos, mivel egy defekthez k\u00f6zeli \u00e1llapot\u00fa abroncs nemcsak a j\u00e1rm\u0171 viselked\u00e9s\u00e9t befoly\u00e1solja, hanem komoly balesetvesz\u00e9lyt is jelenthet.<\/p><p data-path-to-node=\"3\">A rendszer helyes m\u0171k\u00f6d\u00e9s\u00e9t a TPMS programoz\u00e1s biztos\u00edtja, amely sor\u00e1n a szenzorokat \u00fagy \u00e1ll\u00edtjuk be, hogy pontosan kommunik\u00e1ljanak az aut\u00f3 k\u00f6zponti rendszer\u00e9vel. Egy j\u00f3l kalibr\u00e1lt TPMS nemcsak a biztons\u00e1got szolg\u00e1lja, hanem hozz\u00e1j\u00e1rul a gumik egyenletes kop\u00e1s\u00e1hoz, \u00edgy \u00fczemanyag-megtakar\u00edt\u00e1st \u00e9s hosszabb gumi\u00e9lettartamot eredm\u00e9nyez.<\/p>\t\t\t\t\t\t\t\t<\/div>\n\t\t\t\t<\/div>\n\t\t\t\t<\/div>\n\t\t<div class=\"elementor-element elementor-element-daea4cd e-con-full elementor-hidden-desktop elementor-hidden-tablet elementor-hidden-mobile e-flex e-con e-child\" data-id=\"daea4cd\" data-element_type=\"container\" data-settings=\"{&quot;background_background&quot;:&quot;classic&quot;}\">\n\t\t<div class=\"elementor-element elementor-element-881ea32 e-con-full e-flex e-con e-child\" data-id=\"881ea32\" data-element_type=\"container\">\n\t\t\t\t<div class=\"elementor-element elementor-element-5c217e3 elementor-widget elementor-widget-heading\" data-id=\"5c217e3\" data-element_type=\"widget\" data-widget_type=\"heading.default\">\n\t\t\t\t\t<h1 class=\"elementor-heading-title elementor-size-default\"><a href=\"#\">Gumiabroncs t\u00e1rol\u00e1s<\/a><\/h1>\t\t\t\t<\/div>\n\t\t\t\t<div class=\"elementor-element elementor-element-83b8c4a elementor-widget elementor-widget-text-editor\" data-id=\"83b8c4a\" data-element_type=\"widget\" data-widget_type=\"text-editor.default\">\n\t\t\t\t\t\t\t\t\t<p data-path-to-node=\"2\">A szezon\u00e1lis ker\u00e9kcsere idej\u00e9n sok aut\u00f3tulajdonos sz\u00e1m\u00e1ra okoz fejt\u00f6r\u00e9st, hogy hol \u00e9s hogyan t\u00e1rolja az \u00e9ppen haszn\u00e1laton k\u00edv\u00fcli abroncsokat. <b data-path-to-node=\"2\" data-index-in-node=\"142\">Gumi hotel<\/b> szolg\u00e1ltat\u00e1sunk pontosan erre k\u00edn\u00e1l k\u00e9nyelmes \u00e9s szakszer\u0171 megold\u00e1st.<\/p><p data-path-to-node=\"3\">C\u00e9lunk, hogy levegy\u00fck a v\u00e1ll\u00e1r\u00f3l a t\u00e1rol\u00e1s terh\u00e9t, mik\u00f6zben garant\u00e1ljuk abroncsai \u00e1llapot\u00e1nak meg\u0151rz\u00e9s\u00e9t. A helytelen t\u00e1rol\u00e1s ugyanis jelent\u0151sen cs\u00f6kkentheti a gumik \u00e9lettartam\u00e1t \u00e9s teljes\u00edtm\u00e9ny\u00e9t. A <b data-path-to-node=\"3\" data-index-in-node=\"200\">gumi hotel<\/b> ig\u00e9nybev\u00e9tel\u00e9vel \u00d6n egy egyszer\u0171 \u00e9s biztons\u00e1gos utat v\u00e1laszt, \u00edgy abroncsai mindig kifog\u00e1stalan \u00e1llapotban v\u00e1rj\u00e1k majd a k\u00f6vetkez\u0151 szezont.<\/p>\t\t\t\t\t\t\t\t<\/div>\n\t\t\t\t<\/div>\n\t\t<div class=\"elementor-element elementor-element-d2fc4a7 e-con-full e-flex e-con e-child\" data-id=\"d2fc4a7\" data-element_type=\"container\">\n\t\t\t\t<div class=\"elementor-element elementor-element-cd53c78 elementor-widget elementor-widget-image\" data-id=\"cd53c78\" data-element_type=\"widget\" data-widget_type=\"image.default\">\n\t\t\t\t\t\t\t\t\t\t\t\t\t\t\t<img alt=\"\" fetchpriority=\"high\" decoding=\"async\" width=\"768\" height=\"1024\" src=\"https:\/\/rapidgumi.hu\/wp-content\/uploads\/2026\/02\/1000003724-768x1024.jpg\" class=\"attachment-large size-large wp-image-288\" alt=\"\" srcset=\"https:\/\/rapidgumi.hu\/wp-content\/uploads\/2026\/02\/1000003724-768x1024.jpg 768w, https:\/\/rapidgumi.hu\/wp-content\/uploads\/2026\/02\/1000003724-225x300.jpg 225w, https:\/\/rapidgumi.hu\/wp-content\/uploads\/2026\/02\/1000003724-1152x1536.jpg 1152w, https:\/\/rapidgumi.hu\/wp-content\/uploads\/2026\/02\/1000003724-1536x2048.jpg 1536w, https:\/\/rapidgumi.hu\/wp-content\/uploads\/2026\/02\/1000003724-scaled.jpg 1920w\" sizes=\"(max-width: 768px) 100vw, 768px\" \/>\t\t\t\t\t\t\t\t\t\t\t\t\t\t\t<\/div>\n\t\t\t\t<\/div>\n\t\t\t\t<\/div>\n\t\t\t\t\t<\/div>\n\t\t\t\t<\/div>\n\t\t\t\t<\/div>\n\t\t","protected":false},"excerpt":{"rendered":"<p>Defektjav\u00edt\u00e1s Defektet kapott? Ne agg\u00f3djon, nem biztos, hogy \u00faj gumira van sz\u00fcks\u00e9ge! Szakembereink megvizsg\u00e1lj\u00e1k a s\u00e9r\u00fcl\u00e9st, \u00e9s ha lehets\u00e9ges, megmentik az abroncsot. Mobil gumiszerviz\u00fcnkkel b\u00e1rhol seg\u00edts\u00e9g\u00e9re siet\u00fcnk \u2013 legyen sz\u00f3 az aut\u00f3p\u00e1lya sz\u00e9l\u00e9r\u0151l vagy saj\u00e1t otthon\u00e1r\u00f3l. Ha a gumi m\u00e9gsem jav\u00edthat\u00f3, a helysz\u00ednen azonnal elv\u00e9gezz\u00fck a cser\u00e9t is. Gumiabroncs t\u00e1rol\u00e1s A szezon\u00e1lis ker\u00e9kcsere idej\u00e9n sok &#8230; <a title=\"Szolg\u00e1ltat\u00e1sok\" class=\"read-more\" href=\"https:\/\/rapidgumi.hu\/index.php\/elementor-oldal-52\/\" aria-label=\"Read more about Szolg\u00e1ltat\u00e1sok\">Olvass tov\u00e1bb<\/a><\/p>\n","protected":false},"author":1,"featured_media":0,"parent":0,"menu_order":0,"comment_status":"closed","ping_status":"closed","template":"elementor_header_footer","meta":{"_seopress_robots_primary_cat":"","_seopress_titles_title":"","_seopress_titles_desc":"","_seopress_robots_index":"","footnotes":""},"class_list":["post-52","page","type-page","status-publish"],"lang":"hu","translations":{"hu":52,"hsb":806,"ro":792,"en":764},"pll_sync_post":[],"_links":{"self":[{"href":"https:\/\/rapidgumi.hu\/index.php\/wp-json\/wp\/v2\/pages\/52","targetHints":{"allow":["GET"]}}],"collection":[{"href":"https:\/\/rapidgumi.hu\/index.php\/wp-json\/wp\/v2\/pages"}],"about":[{"href":"https:\/\/rapidgumi.hu\/index.php\/wp-json\/wp\/v2\/types\/page"}],"author":[{"embeddable":true,"href":"https:\/\/rapidgumi.hu\/index.php\/wp-json\/wp\/v2\/users\/1"}],"replies":[{"embeddable":true,"href":"https:\/\/rapidgumi.hu\/index.php\/wp-json\/wp\/v2\/comments?post=52"}],"version-history":[{"count":38,"href":"https:\/\/rapidgumi.hu\/index.php\/wp-json\/wp\/v2\/pages\/52\/revisions"}],"predecessor-version":[{"id":785,"href":"https:\/\/rapidgumi.hu\/index.php\/wp-json\/wp\/v2\/pages\/52\/revisions\/785"}],"wp:attachment":[{"href":"https:\/\/rapidgumi.hu\/index.php\/wp-json\/wp\/v2\/media?parent=52"}],"curies":[{"name":"wp","href":"https:\/\/api.w.org\/{rel}","templated":true}]}}