{"id":45,"date":"2026-01-11T18:19:29","date_gmt":"2026-01-11T17:19:29","guid":{"rendered":"https:\/\/rapidgumi.hu\/?page_id=45"},"modified":"2026-03-31T20:43:10","modified_gmt":"2026-03-31T18:43:10","slug":"elementor-oldal-45","status":"publish","type":"page","link":"https:\/\/rapidgumi.hu\/","title":{"rendered":"Kezd\u0151lap"},"content":{"rendered":"\t\t<div data-elementor-type=\"wp-page\" data-elementor-id=\"45\" class=\"elementor elementor-45\" data-elementor-post-type=\"page\">\n\t\t\t\t<div class=\"elementor-element elementor-element-f1317c9 e-con-full e-flex e-con e-parent\" data-id=\"f1317c9\" data-element_type=\"container\" data-settings=\"{&quot;background_background&quot;:&quot;classic&quot;}\">\n\t\t<div class=\"elementor-element elementor-element-59192e4 e-flex e-con-boxed e-con e-child\" data-id=\"59192e4\" data-element_type=\"container\" data-settings=\"{&quot;background_background&quot;:&quot;classic&quot;}\">\n\t\t\t\t\t<div class=\"e-con-inner\">\n\t\t<div class=\"elementor-element elementor-element-600c475 e-con-full e-flex e-con e-child\" data-id=\"600c475\" data-element_type=\"container\" data-settings=\"{&quot;background_background&quot;:&quot;classic&quot;}\">\n\t\t\t\t<div class=\"elementor-element elementor-element-4a515ad elementor-widget elementor-widget-heading\" data-id=\"4a515ad\" data-element_type=\"widget\" data-widget_type=\"heading.default\">\n\t\t\t\t\t<h1 class=\"elementor-heading-title elementor-size-default\">Teljes k\u00f6r\u0171 gumiszerviz <\/br> szem\u00e9lyaut\u00f3t\u00f3l a kamionig <\/br> 0-24<\/h1>\t\t\t\t<\/div>\n\t\t<div class=\"elementor-element elementor-element-e717e89 e-con-full e-flex e-con e-child\" data-id=\"e717e89\" data-element_type=\"container\">\n\t\t\t\t<div class=\"elementor-element elementor-element-43092c9 elementor-widget elementor-widget-button\" data-id=\"43092c9\" data-element_type=\"widget\" data-widget_type=\"button.default\">\n\t\t\t\t\t\t\t\t\t\t<a class=\"elementor-button elementor-button-link elementor-size-sm\" href=\"https:\/\/rapidgumi.hu\">\n\t\t\t\t\t\t<span class=\"elementor-button-content-wrapper\">\n\t\t\t\t\t\t\t\t\t<span class=\"elementor-button-text\">\u00c1raink<\/span>\n\t\t\t\t\t<\/span>\n\t\t\t\t\t<\/a>\n\t\t\t\t\t\t\t\t<\/div>\n\t\t\t\t<div class=\"elementor-element elementor-element-d9f6649 elementor-widget elementor-widget-button\" data-id=\"d9f6649\" data-element_type=\"widget\" data-widget_type=\"button.default\">\n\t\t\t\t\t\t\t\t\t\t<a class=\"elementor-button elementor-button-link elementor-size-sm\" href=\"https:\/\/rapidgumi.hu\">\n\t\t\t\t\t\t<span class=\"elementor-button-content-wrapper\">\n\t\t\t\t\t\t\t\t\t<span class=\"elementor-button-text\">Szolg\u00e1ltat\u00e1sok<\/span>\n\t\t\t\t\t<\/span>\n\t\t\t\t\t<\/a>\n\t\t\t\t\t\t\t\t<\/div>\n\t\t\t\t<div class=\"elementor-element elementor-element-b1dac26 elementor-shape-rounded elementor-grid-0 e-grid-align-center elementor-widget elementor-widget-social-icons\" data-id=\"b1dac26\" data-element_type=\"widget\" data-widget_type=\"social-icons.default\">\n\t\t\t\t\t\t\t<div class=\"elementor-social-icons-wrapper elementor-grid\" role=\"list\">\n\t\t\t\t\t\t\t<span class=\"elementor-grid-item\" role=\"listitem\">\n\t\t\t\t\t<a class=\"elementor-icon elementor-social-icon elementor-social-icon-mail-bulk elementor-repeater-item-de20a54\" href=\"mailto:Rapidgumi18@gmail.com\" target=\"_blank\">\n\t\t\t\t\t\t<span class=\"elementor-screen-only\">Mail-bulk<\/span>\n\t\t\t\t\t\t<svg aria-hidden=\"true\" class=\"e-font-icon-svg e-fas-mail-bulk\" viewBox=\"0 0 576 512\" xmlns=\"http:\/\/www.w3.org\/2000\/svg\"><path d=\"M160 448c-25.6 0-51.2-22.4-64-32-64-44.8-83.2-60.8-96-70.4V480c0 17.67 14.33 32 32 32h256c17.67 0 32-14.33 32-32V345.6c-12.8 9.6-32 25.6-96 70.4-12.8 9.6-38.4 32-64 32zm128-192H32c-17.67 0-32 14.33-32 32v16c25.6 19.2 22.4 19.2 115.2 86.4 9.6 6.4 28.8 25.6 44.8 25.6s35.2-19.2 44.8-22.4c92.8-67.2 89.6-67.2 115.2-86.4V288c0-17.67-14.33-32-32-32zm256-96H224c-17.67 0-32 14.33-32 32v32h96c33.21 0 60.59 25.42 63.71 57.82l.29-.22V416h192c17.67 0 32-14.33 32-32V192c0-17.67-14.33-32-32-32zm-32 128h-64v-64h64v64zm-352-96c0-35.29 28.71-64 64-64h224V32c0-17.67-14.33-32-32-32H96C78.33 0 64 14.33 64 32v192h96v-32z\"><\/path><\/svg>\t\t\t\t\t<\/a>\n\t\t\t\t<\/span>\n\t\t\t\t\t\t\t<span class=\"elementor-grid-item\" role=\"listitem\">\n\t\t\t\t\t<a class=\"elementor-icon elementor-social-icon elementor-social-icon-phone-square-alt elementor-repeater-item-5955a01\" href=\"tel:+36302975780\" target=\"_blank\">\n\t\t\t\t\t\t<span class=\"elementor-screen-only\">Phone-square-alt<\/span>\n\t\t\t\t\t\t<svg aria-hidden=\"true\" class=\"e-font-icon-svg e-fas-phone-square-alt\" viewBox=\"0 0 448 512\" xmlns=\"http:\/\/www.w3.org\/2000\/svg\"><path d=\"M400 32H48A48 48 0 0 0 0 80v352a48 48 0 0 0 48 48h352a48 48 0 0 0 48-48V80a48 48 0 0 0-48-48zm-16.39 307.37l-15 65A15 15 0 0 1 354 416C194 416 64 286.29 64 126a15.7 15.7 0 0 1 11.63-14.61l65-15A18.23 18.23 0 0 1 144 96a16.27 16.27 0 0 1 13.79 9.09l30 70A17.9 17.9 0 0 1 189 181a17 17 0 0 1-5.5 11.61l-37.89 31a231.91 231.91 0 0 0 110.78 110.78l31-37.89A17 17 0 0 1 299 291a17.85 17.85 0 0 1 5.91 1.21l70 30A16.25 16.25 0 0 1 384 336a17.41 17.41 0 0 1-.39 3.37z\"><\/path><\/svg>\t\t\t\t\t<\/a>\n\t\t\t\t<\/span>\n\t\t\t\t\t\t\t<span class=\"elementor-grid-item\" role=\"listitem\">\n\t\t\t\t\t<a class=\"elementor-icon elementor-social-icon elementor-social-icon-facebook-messenger elementor-repeater-item-a5f7c6f\" href=\"https:\/\/m.me\/100094077123367\" target=\"_blank\">\n\t\t\t\t\t\t<span class=\"elementor-screen-only\">Facebook-messenger<\/span>\n\t\t\t\t\t\t<svg aria-hidden=\"true\" class=\"e-font-icon-svg e-fab-facebook-messenger\" viewBox=\"0 0 512 512\" xmlns=\"http:\/\/www.w3.org\/2000\/svg\"><path d=\"M256.55 8C116.52 8 8 110.34 8 248.57c0 72.3 29.71 134.78 78.07 177.94 8.35 7.51 6.63 11.86 8.05 58.23A19.92 19.92 0 0 0 122 502.31c52.91-23.3 53.59-25.14 62.56-22.7C337.85 521.8 504 423.7 504 248.57 504 110.34 396.59 8 256.55 8zm149.24 185.13l-73 115.57a37.37 37.37 0 0 1-53.91 9.93l-58.08-43.47a15 15 0 0 0-18 0l-78.37 59.44c-10.46 7.93-24.16-4.6-17.11-15.67l73-115.57a37.36 37.36 0 0 1 53.91-9.93l58.06 43.46a15 15 0 0 0 18 0l78.41-59.38c10.44-7.98 24.14 4.54 17.09 15.62z\"><\/path><\/svg>\t\t\t\t\t<\/a>\n\t\t\t\t<\/span>\n\t\t\t\t\t\t\t<span class=\"elementor-grid-item\" role=\"listitem\">\n\t\t\t\t\t<a class=\"elementor-icon elementor-social-icon elementor-social-icon-whatsapp elementor-repeater-item-f41d442\" href=\"https:\/\/wa.me\/36302975780\" target=\"_blank\">\n\t\t\t\t\t\t<span class=\"elementor-screen-only\">Whatsapp<\/span>\n\t\t\t\t\t\t<svg aria-hidden=\"true\" class=\"e-font-icon-svg e-fab-whatsapp\" viewBox=\"0 0 448 512\" xmlns=\"http:\/\/www.w3.org\/2000\/svg\"><path d=\"M380.9 97.1C339 55.1 283.2 32 223.9 32c-122.4 0-222 99.6-222 222 0 39.1 10.2 77.3 29.6 111L0 480l117.7-30.9c32.4 17.7 68.9 27 106.1 27h.1c122.3 0 224.1-99.6 224.1-222 0-59.3-25.2-115-67.1-157zm-157 341.6c-33.2 0-65.7-8.9-94-25.7l-6.7-4-69.8 18.3L72 359.2l-4.4-7c-18.5-29.4-28.2-63.3-28.2-98.2 0-101.7 82.8-184.5 184.6-184.5 49.3 0 95.6 19.2 130.4 54.1 34.8 34.9 56.2 81.2 56.1 130.5 0 101.8-84.9 184.6-186.6 184.6zm101.2-138.2c-5.5-2.8-32.8-16.2-37.9-18-5.1-1.9-8.8-2.8-12.5 2.8-3.7 5.6-14.3 18-17.6 21.8-3.2 3.7-6.5 4.2-12 1.4-32.6-16.3-54-29.1-75.5-66-5.7-9.8 5.7-9.1 16.3-30.3 1.8-3.7.9-6.9-.5-9.7-1.4-2.8-12.5-30.1-17.1-41.2-4.5-10.8-9.1-9.3-12.5-9.5-3.2-.2-6.9-.2-10.6-.2-3.7 0-9.7 1.4-14.8 6.9-5.1 5.6-19.4 19-19.4 46.3 0 27.3 19.9 53.7 22.6 57.4 2.8 3.7 39.1 59.7 94.8 83.8 35.2 15.2 49 16.5 66.6 13.9 10.7-1.6 32.8-13.4 37.4-26.4 4.6-13 4.6-24.1 3.2-26.4-1.3-2.5-5-3.9-10.5-6.6z\"><\/path><\/svg>\t\t\t\t\t<\/a>\n\t\t\t\t<\/span>\n\t\t\t\t\t<\/div>\n\t\t\t\t\t\t<\/div>\n\t\t\t\t<\/div>\n\t\t\t\t<\/div>\n\t\t\t\t\t<\/div>\n\t\t\t\t<\/div>\n\t\t\t\t<\/div>\n\t\t<div class=\"elementor-element elementor-element-d0e81a4 e-con-full elementor-hidden-desktop elementor-hidden-tablet elementor-hidden-mobile e-flex e-con e-parent\" data-id=\"d0e81a4\" data-element_type=\"container\" data-settings=\"{&quot;background_background&quot;:&quot;classic&quot;}\">\n\t\t\t\t<\/div>\n\t\t<div class=\"elementor-element elementor-element-476536d elementor-hidden-desktop elementor-hidden-tablet elementor-hidden-mobile e-flex e-con-boxed e-con e-parent\" data-id=\"476536d\" data-element_type=\"container\">\n\t\t\t\t\t<div class=\"e-con-inner\">\n\t\t<div class=\"elementor-element elementor-element-6e20ad7 e-con-full e-flex e-con e-child\" data-id=\"6e20ad7\" data-element_type=\"container\" data-settings=\"{&quot;background_background&quot;:&quot;classic&quot;}\">\n\t\t<div class=\"elementor-element elementor-element-ad14382 e-con-full e-flex e-con e-child\" data-id=\"ad14382\" data-element_type=\"container\" data-settings=\"{&quot;background_background&quot;:&quot;classic&quot;}\">\n\t\t\t\t<div class=\"elementor-element elementor-element-e2bb724 elementor-widget elementor-widget-heading\" data-id=\"e2bb724\" data-element_type=\"widget\" data-widget_type=\"heading.default\">\n\t\t\t\t\t<h1 class=\"elementor-heading-title elementor-size-default\">AZONNALI SEG\u00cdTS\u00c9GNY\u00daJT\u00c1S 0-24 ig <\/br>\n\nDEFEKT ESET\u00c9N MOTORKER\u00c9KP\u00c1RRA, SZEM\u00c9LY - \u00c9S KISTEHERAUT\u00d3RA 24\"-ig!<\/h1>\t\t\t\t<\/div>\n\t\t<div class=\"elementor-element elementor-element-04a8fc9 e-con-full e-flex e-con e-child\" data-id=\"04a8fc9\" data-element_type=\"container\">\n\t\t\t\t<div class=\"elementor-element elementor-element-a1c1028 elementor-widget elementor-widget-button\" data-id=\"a1c1028\" data-element_type=\"widget\" data-widget_type=\"button.default\">\n\t\t\t\t\t\t\t\t\t\t<a class=\"elementor-button elementor-button-link elementor-size-sm\" href=\"https:\/\/rapidgumi.hu\">\n\t\t\t\t\t\t<span class=\"elementor-button-content-wrapper\">\n\t\t\t\t\t\t\t\t\t<span class=\"elementor-button-text\">\u00c1raink<\/span>\n\t\t\t\t\t<\/span>\n\t\t\t\t\t<\/a>\n\t\t\t\t\t\t\t\t<\/div>\n\t\t\t\t<div class=\"elementor-element elementor-element-4d1083d elementor-widget elementor-widget-button\" data-id=\"4d1083d\" data-element_type=\"widget\" data-widget_type=\"button.default\">\n\t\t\t\t\t\t\t\t\t\t<a class=\"elementor-button elementor-button-link elementor-size-sm\" href=\"https:\/\/rapidgumi.hu\">\n\t\t\t\t\t\t<span class=\"elementor-button-content-wrapper\">\n\t\t\t\t\t\t\t\t\t<span class=\"elementor-button-text\">Szolg\u00e1ltat\u00e1sok<\/span>\n\t\t\t\t\t<\/span>\n\t\t\t\t\t<\/a>\n\t\t\t\t\t\t\t\t<\/div>\n\t\t\t\t<div class=\"elementor-element elementor-element-7870395 elementor-shape-rounded elementor-grid-0 e-grid-align-center elementor-widget elementor-widget-social-icons\" data-id=\"7870395\" data-element_type=\"widget\" data-widget_type=\"social-icons.default\">\n\t\t\t\t\t\t\t<div class=\"elementor-social-icons-wrapper elementor-grid\" role=\"list\">\n\t\t\t\t\t\t\t<span class=\"elementor-grid-item\" role=\"listitem\">\n\t\t\t\t\t<a class=\"elementor-icon elementor-social-icon elementor-social-icon-mail-bulk elementor-repeater-item-de20a54\" href=\"mailto:Rapidgumi18@gmail.com\" target=\"_blank\">\n\t\t\t\t\t\t<span class=\"elementor-screen-only\">Mail-bulk<\/span>\n\t\t\t\t\t\t<svg aria-hidden=\"true\" class=\"e-font-icon-svg e-fas-mail-bulk\" viewBox=\"0 0 576 512\" xmlns=\"http:\/\/www.w3.org\/2000\/svg\"><path d=\"M160 448c-25.6 0-51.2-22.4-64-32-64-44.8-83.2-60.8-96-70.4V480c0 17.67 14.33 32 32 32h256c17.67 0 32-14.33 32-32V345.6c-12.8 9.6-32 25.6-96 70.4-12.8 9.6-38.4 32-64 32zm128-192H32c-17.67 0-32 14.33-32 32v16c25.6 19.2 22.4 19.2 115.2 86.4 9.6 6.4 28.8 25.6 44.8 25.6s35.2-19.2 44.8-22.4c92.8-67.2 89.6-67.2 115.2-86.4V288c0-17.67-14.33-32-32-32zm256-96H224c-17.67 0-32 14.33-32 32v32h96c33.21 0 60.59 25.42 63.71 57.82l.29-.22V416h192c17.67 0 32-14.33 32-32V192c0-17.67-14.33-32-32-32zm-32 128h-64v-64h64v64zm-352-96c0-35.29 28.71-64 64-64h224V32c0-17.67-14.33-32-32-32H96C78.33 0 64 14.33 64 32v192h96v-32z\"><\/path><\/svg>\t\t\t\t\t<\/a>\n\t\t\t\t<\/span>\n\t\t\t\t\t\t\t<span class=\"elementor-grid-item\" role=\"listitem\">\n\t\t\t\t\t<a class=\"elementor-icon elementor-social-icon elementor-social-icon-phone-square-alt elementor-repeater-item-5955a01\" href=\"tel:+36302975780\" target=\"_blank\">\n\t\t\t\t\t\t<span class=\"elementor-screen-only\">Phone-square-alt<\/span>\n\t\t\t\t\t\t<svg aria-hidden=\"true\" class=\"e-font-icon-svg e-fas-phone-square-alt\" viewBox=\"0 0 448 512\" xmlns=\"http:\/\/www.w3.org\/2000\/svg\"><path d=\"M400 32H48A48 48 0 0 0 0 80v352a48 48 0 0 0 48 48h352a48 48 0 0 0 48-48V80a48 48 0 0 0-48-48zm-16.39 307.37l-15 65A15 15 0 0 1 354 416C194 416 64 286.29 64 126a15.7 15.7 0 0 1 11.63-14.61l65-15A18.23 18.23 0 0 1 144 96a16.27 16.27 0 0 1 13.79 9.09l30 70A17.9 17.9 0 0 1 189 181a17 17 0 0 1-5.5 11.61l-37.89 31a231.91 231.91 0 0 0 110.78 110.78l31-37.89A17 17 0 0 1 299 291a17.85 17.85 0 0 1 5.91 1.21l70 30A16.25 16.25 0 0 1 384 336a17.41 17.41 0 0 1-.39 3.37z\"><\/path><\/svg>\t\t\t\t\t<\/a>\n\t\t\t\t<\/span>\n\t\t\t\t\t\t\t<span class=\"elementor-grid-item\" role=\"listitem\">\n\t\t\t\t\t<a class=\"elementor-icon elementor-social-icon elementor-social-icon-facebook-messenger elementor-repeater-item-a5f7c6f\" href=\"https:\/\/m.me\/100094077123367\" target=\"_blank\">\n\t\t\t\t\t\t<span class=\"elementor-screen-only\">Facebook-messenger<\/span>\n\t\t\t\t\t\t<svg aria-hidden=\"true\" class=\"e-font-icon-svg e-fab-facebook-messenger\" viewBox=\"0 0 512 512\" xmlns=\"http:\/\/www.w3.org\/2000\/svg\"><path d=\"M256.55 8C116.52 8 8 110.34 8 248.57c0 72.3 29.71 134.78 78.07 177.94 8.35 7.51 6.63 11.86 8.05 58.23A19.92 19.92 0 0 0 122 502.31c52.91-23.3 53.59-25.14 62.56-22.7C337.85 521.8 504 423.7 504 248.57 504 110.34 396.59 8 256.55 8zm149.24 185.13l-73 115.57a37.37 37.37 0 0 1-53.91 9.93l-58.08-43.47a15 15 0 0 0-18 0l-78.37 59.44c-10.46 7.93-24.16-4.6-17.11-15.67l73-115.57a37.36 37.36 0 0 1 53.91-9.93l58.06 43.46a15 15 0 0 0 18 0l78.41-59.38c10.44-7.98 24.14 4.54 17.09 15.62z\"><\/path><\/svg>\t\t\t\t\t<\/a>\n\t\t\t\t<\/span>\n\t\t\t\t\t\t\t<span class=\"elementor-grid-item\" role=\"listitem\">\n\t\t\t\t\t<a class=\"elementor-icon elementor-social-icon elementor-social-icon-whatsapp elementor-repeater-item-f41d442\" href=\"https:\/\/wa.me\/36302975780\" target=\"_blank\">\n\t\t\t\t\t\t<span class=\"elementor-screen-only\">Whatsapp<\/span>\n\t\t\t\t\t\t<svg aria-hidden=\"true\" class=\"e-font-icon-svg e-fab-whatsapp\" viewBox=\"0 0 448 512\" xmlns=\"http:\/\/www.w3.org\/2000\/svg\"><path d=\"M380.9 97.1C339 55.1 283.2 32 223.9 32c-122.4 0-222 99.6-222 222 0 39.1 10.2 77.3 29.6 111L0 480l117.7-30.9c32.4 17.7 68.9 27 106.1 27h.1c122.3 0 224.1-99.6 224.1-222 0-59.3-25.2-115-67.1-157zm-157 341.6c-33.2 0-65.7-8.9-94-25.7l-6.7-4-69.8 18.3L72 359.2l-4.4-7c-18.5-29.4-28.2-63.3-28.2-98.2 0-101.7 82.8-184.5 184.6-184.5 49.3 0 95.6 19.2 130.4 54.1 34.8 34.9 56.2 81.2 56.1 130.5 0 101.8-84.9 184.6-186.6 184.6zm101.2-138.2c-5.5-2.8-32.8-16.2-37.9-18-5.1-1.9-8.8-2.8-12.5 2.8-3.7 5.6-14.3 18-17.6 21.8-3.2 3.7-6.5 4.2-12 1.4-32.6-16.3-54-29.1-75.5-66-5.7-9.8 5.7-9.1 16.3-30.3 1.8-3.7.9-6.9-.5-9.7-1.4-2.8-12.5-30.1-17.1-41.2-4.5-10.8-9.1-9.3-12.5-9.5-3.2-.2-6.9-.2-10.6-.2-3.7 0-9.7 1.4-14.8 6.9-5.1 5.6-19.4 19-19.4 46.3 0 27.3 19.9 53.7 22.6 57.4 2.8 3.7 39.1 59.7 94.8 83.8 35.2 15.2 49 16.5 66.6 13.9 10.7-1.6 32.8-13.4 37.4-26.4 4.6-13 4.6-24.1 3.2-26.4-1.3-2.5-5-3.9-10.5-6.6z\"><\/path><\/svg>\t\t\t\t\t<\/a>\n\t\t\t\t<\/span>\n\t\t\t\t\t<\/div>\n\t\t\t\t\t\t<\/div>\n\t\t\t\t<\/div>\n\t\t\t\t<\/div>\n\t\t\t\t<\/div>\n\t\t\t\t\t<\/div>\n\t\t\t\t<\/div>\n\t\t<div class=\"elementor-element elementor-element-298dd07 e-flex e-con-boxed e-con e-parent\" data-id=\"298dd07\" data-element_type=\"container\" data-settings=\"{&quot;background_background&quot;:&quot;classic&quot;}\">\n\t\t\t\t\t<div class=\"e-con-inner\">\n\t\t\t\t<div class=\"elementor-element elementor-element-6bf5503 elementor-widget elementor-widget-video\" data-id=\"6bf5503\" data-element_type=\"widget\" data-settings=\"{&quot;youtube_url&quot;:&quot;https:\\\/\\\/www.youtube.com\\\/watch?v=rGcvnVduHpM&quot;,&quot;video_type&quot;:&quot;youtube&quot;,&quot;controls&quot;:&quot;yes&quot;}\" data-widget_type=\"video.default\">\n\t\t\t\t\t\t\t<div class=\"elementor-wrapper elementor-open-inline\">\n\t\t\t<div class=\"elementor-video\"><\/div>\t\t<\/div>\n\t\t\t\t\t\t<\/div>\n\t\t\t\t\t<\/div>\n\t\t\t\t<\/div>\n\t\t<div class=\"elementor-element elementor-element-ede8ac5 e-flex e-con-boxed e-con e-parent\" data-id=\"ede8ac5\" data-element_type=\"container\" data-settings=\"{&quot;background_background&quot;:&quot;classic&quot;}\">\n\t\t\t\t\t<div class=\"e-con-inner\">\n\t\t\t\t<div class=\"elementor-element elementor-element-cb86af1 elementor-widget elementor-widget-heading\" data-id=\"cb86af1\" data-element_type=\"widget\" data-widget_type=\"heading.default\">\n\t\t\t\t\t<h2 class=\"elementor-heading-title elementor-size-default\">Mobil Gumiszerviz \u00e9s Defektjav\u00edt\u00e1s \u2013 Azonnali Seg\u00edts\u00e9g a Balatonn\u00e1l \u00e9s Somogy Megy\u00e9ben!<\/h2>\t\t\t\t<\/div>\n\t\t\t\t<div class=\"elementor-element elementor-element-bf676b7 elementor-widget elementor-widget-text-editor\" data-id=\"bf676b7\" data-element_type=\"widget\" data-widget_type=\"text-editor.default\">\n\t\t\t\t\t\t\t\t\t<p>Defektet kapott az M7-es aut\u00f3p\u00e1ly\u00e1n? Esetleg a szezon\u00e1lis ker\u00e9kcser\u00e9t int\u00e9zn\u00e9 el k\u00e9nyelmesen, sorban \u00e1ll\u00e1s n\u00e9lk\u00fcl az otthon\u00e1ban? A <b data-path-to-node=\"3\" data-index-in-node=\"131\">Rapidgumi.hu<\/b> mozg\u00f3 gumiszervize h\u00e1zhoz viszi a profi m\u0171helyt! Sp\u00f3roljon id\u0151t \u00e9s energi\u00e1t: nem kell tr\u00e9lerre k\u00f6ltenie vagy a koszos abroncsokat a csomagtart\u00f3ba tuszkolnia, mi oda megy\u00fcnk, ahol \u00e9ppen sz\u00fcks\u00e9ge van r\u00e1nk.<\/p>\t\t\t\t\t\t\t\t<\/div>\n\t\t\t\t<div class=\"elementor-element elementor-element-f4706ad elementor-widget elementor-widget-heading\" data-id=\"f4706ad\" data-element_type=\"widget\" data-widget_type=\"heading.default\">\n\t\t\t\t\t<h2 class=\"elementor-heading-title elementor-size-default\">Szolg\u00e1ltat\u00e1saink \u2013 Amit a helysz\u00ednen ny\u00fajtunk \u00d6nnek:<\/h2>\t\t\t\t<\/div>\n\t\t\t\t<div class=\"elementor-element elementor-element-1a3e38a elementor-widget elementor-widget-text-editor\" data-id=\"1a3e38a\" data-element_type=\"widget\" data-widget_type=\"text-editor.default\">\n\t\t\t\t\t\t\t\t\t<p data-path-to-node=\"5\"><b data-path-to-node=\"5\" data-index-in-node=\"0\">Azonnali Defektjav\u00edt\u00e1s \u00e9s Gumiabroncs Csere<\/b> Defektet kapott? Ne agg\u00f3djon, nem biztos, hogy \u00faj gumira van sz\u00fcks\u00e9ge! Szakembereink a helysz\u00ednen megvizsg\u00e1lj\u00e1k a s\u00e9r\u00fcl\u00e9st, \u00e9s ha lehets\u00e9ges, megmentik az abroncsot. Mobil gumiszerviz\u00fcnkkel b\u00e1rhol seg\u00edts\u00e9g\u00e9re siet\u00fcnk \u2013 legyen sz\u00f3 az aut\u00f3p\u00e1lya sz\u00e9l\u00e9r\u0151l vagy saj\u00e1t otthon\u00e1r\u00f3l. Ha a gumi m\u00e9gsem jav\u00edthat\u00f3, a helysz\u00ednen azonnal, szakszer\u0171en elv\u00e9gezz\u00fck a cser\u00e9t is.<\/p><p data-path-to-node=\"5\"><b data-path-to-node=\"6\" data-index-in-node=\"0\">Gumi Hotel \u2013 K\u00e9nyelmes \u00e9s Biztons\u00e1gos Abroncst\u00e1rol\u00e1s<\/b> A szezon\u00e1lis ker\u00e9kcsere idej\u00e9n sok aut\u00f3tulajdonos sz\u00e1m\u00e1ra okoz fejt\u00f6r\u00e9st, hogy hol \u00e9s hogyan t\u00e1rolja az \u00e9ppen haszn\u00e1laton k\u00edv\u00fcli abroncsokat. <b data-path-to-node=\"6\" data-index-in-node=\"195\">Gumi hotel<\/b> szolg\u00e1ltat\u00e1sunk pontosan erre k\u00edn\u00e1l k\u00e9nyelmes \u00e9s szakszer\u0171 megold\u00e1st. C\u00e9lunk, hogy levegy\u00fck a v\u00e1ll\u00e1r\u00f3l a t\u00e1rol\u00e1s terh\u00e9t, mik\u00f6zben garant\u00e1ljuk abroncsai \u00e1llapot\u00e1nak meg\u0151rz\u00e9s\u00e9t. A helytelen t\u00e1rol\u00e1s ugyanis jelent\u0151sen cs\u00f6kkentheti a gumik \u00e9lettartam\u00e1t \u00e9s teljes\u00edtm\u00e9ny\u00e9t. A gumi hotel ig\u00e9nybev\u00e9tel\u00e9vel \u00d6n egy egyszer\u0171 \u00e9s biztons\u00e1gos utat v\u00e1laszt, \u00edgy abroncsai mindig kifog\u00e1stalan \u00e1llapotban v\u00e1rj\u00e1k majd a k\u00f6vetkez\u0151 szezont.<\/p><p data-path-to-node=\"6\"><b data-path-to-node=\"7\" data-index-in-node=\"0\">TPMS Programoz\u00e1s \u00e9s Szenzor Tan\u00edt\u00e1s<\/b> A TPMS (guminyom\u00e1s-ellen\u0151rz\u0151 rendszer) feladata, hogy folyamatosan figyelje a j\u00e1rm\u0171 gumiabroncsainak nyom\u00e1s\u00e1t. Ha b\u00e1rmelyik ker\u00e9kben a nyom\u00e1s a megengedett \u00e9rt\u00e9k al\u00e1 cs\u00f6kken, a rendszer azonnal jelez. Ez k\u00fcl\u00f6n\u00f6sen fontos, mivel egy defekthez k\u00f6zeli \u00e1llapot\u00fa abroncs nemcsak a j\u00e1rm\u0171 viselked\u00e9s\u00e9t befoly\u00e1solja, hanem komoly balesetvesz\u00e9lyt is jelenthet. A rendszer helyes m\u0171k\u00f6d\u00e9s\u00e9t a <b data-path-to-node=\"7\" data-index-in-node=\"418\">TPMS programoz\u00e1s<\/b> biztos\u00edtja, amely sor\u00e1n a szenzorokat \u00fagy \u00e1ll\u00edtjuk be, hogy pontosan kommunik\u00e1ljanak az aut\u00f3 k\u00f6zponti rendszer\u00e9vel. Egy j\u00f3l kalibr\u00e1lt TPMS nemcsak a biztons\u00e1got szolg\u00e1lja, hanem hozz\u00e1j\u00e1rul a gumik egyenletes kop\u00e1s\u00e1hoz, \u00edgy \u00fczemanyag-megtakar\u00edt\u00e1st \u00e9s hosszabb gumi\u00e9lettartamot eredm\u00e9nyez.<\/p>\t\t\t\t\t\t\t\t<\/div>\n\t\t\t\t<div class=\"elementor-element elementor-element-477dfc8 elementor-widget elementor-widget-heading\" data-id=\"477dfc8\" data-element_type=\"widget\" data-widget_type=\"heading.default\">\n\t\t\t\t\t<h2 class=\"elementor-heading-title elementor-size-default\">Kisz\u00e1ll\u00e1si ter\u00fcleteink \u2013 Hol vagyunk el\u00e9rhet\u0151ek?<\/h2>\t\t\t\t<\/div>\n\t\t\t\t<div class=\"elementor-element elementor-element-5aec860 elementor-widget elementor-widget-text-editor\" data-id=\"5aec860\" data-element_type=\"widget\" data-widget_type=\"text-editor.default\">\n\t\t\t\t\t\t\t\t\t<p data-path-to-node=\"10\">Szolg\u00e1ltat\u00e1sunk lefedi a teljes <b data-path-to-node=\"10\" data-index-in-node=\"32\">balatoni r\u00e9gi\u00f3t \u00e9s Somogy megy\u00e9t<\/b>, eg\u00e9szen a horv\u00e1t hat\u00e1rig. Felszerelt szervizaut\u00f3nkkal az al\u00e1bbi telep\u00fcl\u00e9seken \u00e9s vonz\u00e1sk\u00f6rzet\u00fckben kiemelt gyorsas\u00e1ggal \u00e1llunk rendelkez\u00e9s\u00e9re:<\/p><ul data-path-to-node=\"11\"><li><p data-path-to-node=\"11,0,0\"><b data-path-to-node=\"11,0,0\" data-index-in-node=\"0\">Balaton d\u00e9li partja:<\/b> Si\u00f3fok, Zam\u00e1rdi, Balatonf\u00f6ldv\u00e1r, Balatonlelle, Balatonbogl\u00e1r, Fony\u00f3d, Balatonfenyves, Balatonm\u00e1riaf\u00fcrd\u0151.<\/p><\/li><li><p data-path-to-node=\"11,1,0\"><b data-path-to-node=\"11,1,0\" data-index-in-node=\"0\">Somogy megye telep\u00fcl\u00e9sei:<\/b> Kaposv\u00e1r, Marcali, Nagyat\u00e1d, Csurg\u00f3 \u00e9s a k\u00f6rnyez\u0151 kisebb falvak.<\/p><\/li><li><p data-path-to-node=\"11,2,0\"><b data-path-to-node=\"11,2,0\" data-index-in-node=\"0\">Aut\u00f3p\u00e1lya ment\u00e9s:<\/b> Az M7-es aut\u00f3p\u00e1lya teljes szakasza Si\u00f3fokt\u00f3l eg\u00e9szen Leteny\u00e9ig (a horv\u00e1t hat\u00e1r magass\u00e1g\u00e1ig).<\/p><\/li><\/ul><p data-path-to-node=\"12\"><b data-path-to-node=\"12\" data-index-in-node=\"0\">Ne vesztegesse az idej\u00e9t a gumis m\u0171helyek v\u00e1r\u00f3term\u00e9ben, vagy az \u00fat sz\u00e9l\u00e9n rostokolva!<\/b> H\u00edvja a Rapidgumit, \u00e9s mi m\u00e1r indulunk is, hogy \u00d6n min\u00e9l hamarabb \u00fajra \u00fatnak indulhasson!<\/p>\t\t\t\t\t\t\t\t<\/div>\n\t\t\t\t\t<\/div>\n\t\t\t\t<\/div>\n\t\t\t\t<\/div>\n\t\t","protected":false},"excerpt":{"rendered":"<p>Teljes k\u00f6r\u0171 gumiszerviz szem\u00e9lyaut\u00f3t\u00f3l a kamionig 0-24 \u00c1raink Szolg\u00e1ltat\u00e1sok Mail-bulk Phone-square-alt Facebook-messenger Whatsapp AZONNALI SEG\u00cdTS\u00c9GNY\u00daJT\u00c1S 0-24 ig DEFEKT ESET\u00c9N MOTORKER\u00c9KP\u00c1RRA, SZEM\u00c9LY &#8211; \u00c9S KISTEHERAUT\u00d3RA 24&#8243;-ig! \u00c1raink Szolg\u00e1ltat\u00e1sok Mail-bulk Phone-square-alt Facebook-messenger Whatsapp https:\/\/www.youtube.com\/watch?v=rGcvnVduHpM Mobil Gumiszerviz \u00e9s Defektjav\u00edt\u00e1s \u2013 Azonnali Seg\u00edts\u00e9g a Balatonn\u00e1l \u00e9s Somogy Megy\u00e9ben! Defektet kapott az M7-es aut\u00f3p\u00e1ly\u00e1n? Esetleg a szezon\u00e1lis ker\u00e9kcser\u00e9t int\u00e9zn\u00e9 el &#8230; <a title=\"Kezd\u0151lap\" class=\"read-more\" href=\"https:\/\/rapidgumi.hu\/\" aria-label=\"Read more about Kezd\u0151lap\">Olvass tov\u00e1bb<\/a><\/p>\n","protected":false},"author":1,"featured_media":0,"parent":0,"menu_order":0,"comment_status":"closed","ping_status":"closed","template":"elementor_header_footer","meta":{"_seopress_robots_primary_cat":"","_seopress_titles_title":"","_seopress_titles_desc":"","_seopress_robots_index":"","footnotes":""},"class_list":["post-45","page","type-page","status-publish"],"lang":"hu","translations":{"hu":45,"en":684,"hsb":685,"ro":686},"pll_sync_post":[],"_links":{"self":[{"href":"https:\/\/rapidgumi.hu\/index.php\/wp-json\/wp\/v2\/pages\/45","targetHints":{"allow":["GET"]}}],"collection":[{"href":"https:\/\/rapidgumi.hu\/index.php\/wp-json\/wp\/v2\/pages"}],"about":[{"href":"https:\/\/rapidgumi.hu\/index.php\/wp-json\/wp\/v2\/types\/page"}],"author":[{"embeddable":true,"href":"https:\/\/rapidgumi.hu\/index.php\/wp-json\/wp\/v2\/users\/1"}],"replies":[{"embeddable":true,"href":"https:\/\/rapidgumi.hu\/index.php\/wp-json\/wp\/v2\/comments?post=45"}],"version-history":[{"count":182,"href":"https:\/\/rapidgumi.hu\/index.php\/wp-json\/wp\/v2\/pages\/45\/revisions"}],"predecessor-version":[{"id":683,"href":"https:\/\/rapidgumi.hu\/index.php\/wp-json\/wp\/v2\/pages\/45\/revisions\/683"}],"wp:attachment":[{"href":"https:\/\/rapidgumi.hu\/index.php\/wp-json\/wp\/v2\/media?parent=45"}],"curies":[{"name":"wp","href":"https:\/\/api.w.org\/{rel}","templated":true}]}}